{"id":96,"date":"2015-06-06T14:00:51","date_gmt":"2015-06-06T14:00:51","guid":{"rendered":"http:\/\/ekenmak.com\/tr\/?page_id=96"},"modified":"2015-06-08T19:01:09","modified_gmt":"2015-06-08T19:01:09","slug":"sertifikalarimiz","status":"publish","type":"page","link":"http:\/\/ekenmak.com\/tr\/sertifikalarimiz\/","title":{"rendered":"SERT\u0130F\u0130KALARIMIZ"},"content":{"rendered":"<p style=\"text-align: center;\">TSE-H\u0130ZMET YETERL\u0130L\u0130K BELGES\u0130<\/p>\n<p style=\"text-align: center;\"><a href=\"http:\/\/ekenmak.com\/tr\/wp-content\/uploads\/2015\/06\/YeniBelge-2_1.jpg\"><img loading=\"lazy\" decoding=\"async\" class=\"aligncenter  wp-image-102\" src=\"http:\/\/ekenmak.com\/tr\/wp-content\/uploads\/2015\/06\/YeniBelge-2_1-707x1024.jpg\" alt=\"YeniBelge 2_1\" width=\"333\" height=\"483\" srcset=\"http:\/\/ekenmak.com\/tr\/wp-content\/uploads\/2015\/06\/YeniBelge-2_1-707x1024.jpg 707w, http:\/\/ekenmak.com\/tr\/wp-content\/uploads\/2015\/06\/YeniBelge-2_1-207x300.jpg 207w, http:\/\/ekenmak.com\/tr\/wp-content\/uploads\/2015\/06\/YeniBelge-2_1.jpg 1992w\" sizes=\"auto, (max-width: 333px) 100vw, 333px\" \/><br \/>\n<\/a><\/p>\n<p style=\"text-align: center;\">CE BELGES\u0130<\/p>\n<p style=\"text-align: center;\"><a href=\"http:\/\/ekenmak.com\/tr\/wp-content\/uploads\/2015\/06\/YeniBelge-1_1.jpg\"><img loading=\"lazy\" decoding=\"async\" class=\"aligncenter  wp-image-101\" src=\"http:\/\/ekenmak.com\/tr\/wp-content\/uploads\/2015\/06\/YeniBelge-1_1-647x1024.jpg\" alt=\"YeniBelge 1_1\" width=\"333\" height=\"527\" srcset=\"http:\/\/ekenmak.com\/tr\/wp-content\/uploads\/2015\/06\/YeniBelge-1_1-647x1024.jpg 647w, http:\/\/ekenmak.com\/tr\/wp-content\/uploads\/2015\/06\/YeniBelge-1_1-189x300.jpg 189w, http:\/\/ekenmak.com\/tr\/wp-content\/uploads\/2015\/06\/YeniBelge-1_1.jpg 1844w\" sizes=\"auto, (max-width: 333px) 100vw, 333px\" \/><br \/>\n<\/a><\/p>\n<p style=\"text-align: center;\">ISO 14001 BELGES\u0130<img loading=\"lazy\" decoding=\"async\" class=\"aligncenter  wp-image-133\" src=\"http:\/\/ekenmak.com\/tr\/wp-content\/uploads\/2015\/06\/YeniBelge-3_1-212x300.jpg\" alt=\"YeniBelge 3_1\" width=\"328\" height=\"465\" srcset=\"http:\/\/ekenmak.com\/tr\/wp-content\/uploads\/2015\/06\/YeniBelge-3_1-212x300.jpg 212w, http:\/\/ekenmak.com\/tr\/wp-content\/uploads\/2015\/06\/YeniBelge-3_1-724x1024.jpg 724w\" sizes=\"auto, (max-width: 328px) 100vw, 328px\" \/><\/p>\n","protected":false},"excerpt":{"rendered":"<p>TSE-H\u0130ZMET YETERL\u0130L\u0130K BELGES\u0130 CE BELGES\u0130 ISO 14001 BELGES\u0130<\/p>\n","protected":false},"author":1,"featured_media":0,"parent":0,"menu_order":0,"comment_status":"closed","ping_status":"closed","template":"","meta":{"_monsterinsights_skip_tracking":false,"_monsterinsights_sitenote_active":false,"_monsterinsights_sitenote_note":"","_monsterinsights_sitenote_category":0,"footnotes":""},"class_list":["post-96","page","type-page","status-publish","hentry"],"_links":{"self":[{"href":"http:\/\/ekenmak.com\/tr\/wp-json\/wp\/v2\/pages\/96","targetHints":{"allow":["GET"]}}],"collection":[{"href":"http:\/\/ekenmak.com\/tr\/wp-json\/wp\/v2\/pages"}],"about":[{"href":"http:\/\/ekenmak.com\/tr\/wp-json\/wp\/v2\/types\/page"}],"author":[{"embeddable":true,"href":"http:\/\/ekenmak.com\/tr\/wp-json\/wp\/v2\/users\/1"}],"replies":[{"embeddable":true,"href":"http:\/\/ekenmak.com\/tr\/wp-json\/wp\/v2\/comments?post=96"}],"version-history":[{"count":4,"href":"http:\/\/ekenmak.com\/tr\/wp-json\/wp\/v2\/pages\/96\/revisions"}],"predecessor-version":[{"id":134,"href":"http:\/\/ekenmak.com\/tr\/wp-json\/wp\/v2\/pages\/96\/revisions\/134"}],"wp:attachment":[{"href":"http:\/\/ekenmak.com\/tr\/wp-json\/wp\/v2\/media?parent=96"}],"curies":[{"name":"wp","href":"https:\/\/api.w.org\/{rel}","templated":true}]}}