{"id":94,"date":"2015-06-06T14:00:03","date_gmt":"2015-06-06T14:00:03","guid":{"rendered":"http:\/\/ekenmak.com\/tr\/?page_id=94"},"modified":"2015-06-08T19:03:02","modified_gmt":"2015-06-08T19:03:02","slug":"baglantilarimiz","status":"publish","type":"page","link":"http:\/\/ekenmak.com\/tr\/baglantilarimiz\/","title":{"rendered":"BA\u011eLANTILARIMIZ"},"content":{"rendered":"<h3 class=\"pull-left\"><a href=\"http:\/\/www.kalkinma.gov.tr\/Pages\/index.aspx\" target=\"_blank\">T\u00dcRK\u0130YE CUMHUR\u0130YET\u0130 KALKINMA BAKANLI\u011eI<\/a><\/h3>\n<h3><strong><a href=\"http:\/\/www.gmka.org.tr\/\" target=\"_blank\">G\u00fcney Marmara Kalk\u0131nma Ajans\u0131<\/a><\/strong><\/h3>\n","protected":false},"excerpt":{"rendered":"<p>T\u00dcRK\u0130YE CUMHUR\u0130YET\u0130 KALKINMA BAKANLI\u011eI G\u00fcney Marmara Kalk\u0131nma Ajans\u0131<\/p>\n","protected":false},"author":1,"featured_media":0,"parent":0,"menu_order":0,"comment_status":"closed","ping_status":"closed","template":"","meta":{"_monsterinsights_skip_tracking":false,"_monsterinsights_sitenote_active":false,"_monsterinsights_sitenote_note":"","_monsterinsights_sitenote_category":0,"footnotes":""},"class_list":["post-94","page","type-page","status-publish","hentry"],"_links":{"self":[{"href":"http:\/\/ekenmak.com\/tr\/wp-json\/wp\/v2\/pages\/94","targetHints":{"allow":["GET"]}}],"collection":[{"href":"http:\/\/ekenmak.com\/tr\/wp-json\/wp\/v2\/pages"}],"about":[{"href":"http:\/\/ekenmak.com\/tr\/wp-json\/wp\/v2\/types\/page"}],"author":[{"embeddable":true,"href":"http:\/\/ekenmak.com\/tr\/wp-json\/wp\/v2\/users\/1"}],"replies":[{"embeddable":true,"href":"http:\/\/ekenmak.com\/tr\/wp-json\/wp\/v2\/comments?post=94"}],"version-history":[{"count":2,"href":"http:\/\/ekenmak.com\/tr\/wp-json\/wp\/v2\/pages\/94\/revisions"}],"predecessor-version":[{"id":135,"href":"http:\/\/ekenmak.com\/tr\/wp-json\/wp\/v2\/pages\/94\/revisions\/135"}],"wp:attachment":[{"href":"http:\/\/ekenmak.com\/tr\/wp-json\/wp\/v2\/media?parent=94"}],"curies":[{"name":"wp","href":"https:\/\/api.w.org\/{rel}","templated":true}]}}