{"id":83,"date":"2015-06-06T13:38:46","date_gmt":"2015-06-06T13:38:46","guid":{"rendered":"http:\/\/ekenmak.com\/tr\/?page_id=83"},"modified":"2015-06-06T15:22:51","modified_gmt":"2015-06-06T15:22:51","slug":"toprak-surgusu","status":"publish","type":"page","link":"http:\/\/ekenmak.com\/tr\/toprak-surgusu\/","title":{"rendered":"TOPRAK S\u00dcRG\u00dcS\u00dc"},"content":{"rendered":"<p><a href=\"http:\/\/ekenmak.com\/tr\/wp-content\/uploads\/2015\/06\/09.jpg\"><img loading=\"lazy\" decoding=\"async\" class=\"aligncenter size-full wp-image-24\" src=\"http:\/\/ekenmak.com\/tr\/wp-content\/uploads\/2015\/06\/09.jpg\" alt=\"09\" width=\"800\" height=\"800\" srcset=\"http:\/\/ekenmak.com\/tr\/wp-content\/uploads\/2015\/06\/09.jpg 800w, http:\/\/ekenmak.com\/tr\/wp-content\/uploads\/2015\/06\/09-150x150.jpg 150w, http:\/\/ekenmak.com\/tr\/wp-content\/uploads\/2015\/06\/09-300x300.jpg 300w, http:\/\/ekenmak.com\/tr\/wp-content\/uploads\/2015\/06\/09-250x250.jpg 250w, http:\/\/ekenmak.com\/tr\/wp-content\/uploads\/2015\/06\/09-174x174.jpg 174w\" sizes=\"auto, (max-width: 800px) 100vw, 800px\" \/><\/a><\/p>\n","protected":false},"excerpt":{"rendered":"","protected":false},"author":1,"featured_media":0,"parent":0,"menu_order":0,"comment_status":"closed","ping_status":"closed","template":"","meta":{"_monsterinsights_skip_tracking":false,"_monsterinsights_sitenote_active":false,"_monsterinsights_sitenote_note":"","_monsterinsights_sitenote_category":0,"footnotes":""},"class_list":["post-83","page","type-page","status-publish","hentry"],"_links":{"self":[{"href":"http:\/\/ekenmak.com\/tr\/wp-json\/wp\/v2\/pages\/83","targetHints":{"allow":["GET"]}}],"collection":[{"href":"http:\/\/ekenmak.com\/tr\/wp-json\/wp\/v2\/pages"}],"about":[{"href":"http:\/\/ekenmak.com\/tr\/wp-json\/wp\/v2\/types\/page"}],"author":[{"embeddable":true,"href":"http:\/\/ekenmak.com\/tr\/wp-json\/wp\/v2\/users\/1"}],"replies":[{"embeddable":true,"href":"http:\/\/ekenmak.com\/tr\/wp-json\/wp\/v2\/comments?post=83"}],"version-history":[{"count":1,"href":"http:\/\/ekenmak.com\/tr\/wp-json\/wp\/v2\/pages\/83\/revisions"}],"predecessor-version":[{"id":84,"href":"http:\/\/ekenmak.com\/tr\/wp-json\/wp\/v2\/pages\/83\/revisions\/84"}],"wp:attachment":[{"href":"http:\/\/ekenmak.com\/tr\/wp-json\/wp\/v2\/media?parent=83"}],"curies":[{"name":"wp","href":"https:\/\/api.w.org\/{rel}","templated":true}]}}