{"id":56,"date":"2015-06-06T13:38:46","date_gmt":"2015-06-06T13:38:46","guid":{"rendered":"http:\/\/ekenmak.com\/tr\/?page_id=56"},"modified":"2015-06-06T19:16:00","modified_gmt":"2015-06-06T19:16:00","slug":"capa-ayakli-kombine-ekim-makinasi","status":"publish","type":"page","link":"http:\/\/ekenmak.com\/tr\/capa-ayakli-kombine-ekim-makinasi\/","title":{"rendered":"\u00c7APA AYAKLI KOMB\u0130NE EK\u0130M MAK\u0130NASI"},"content":{"rendered":"<p><a href=\"http:\/\/ekenmak.com\/tr\/wp-content\/uploads\/2015\/06\/10.jpg\"><img loading=\"lazy\" decoding=\"async\" class=\"aligncenter  wp-image-25\" src=\"http:\/\/ekenmak.com\/tr\/wp-content\/uploads\/2015\/06\/10.jpg\" alt=\"10\" width=\"704\" height=\"704\" srcset=\"http:\/\/ekenmak.com\/tr\/wp-content\/uploads\/2015\/06\/10.jpg 800w, http:\/\/ekenmak.com\/tr\/wp-content\/uploads\/2015\/06\/10-150x150.jpg 150w, http:\/\/ekenmak.com\/tr\/wp-content\/uploads\/2015\/06\/10-300x300.jpg 300w, http:\/\/ekenmak.com\/tr\/wp-content\/uploads\/2015\/06\/10-250x250.jpg 250w, http:\/\/ekenmak.com\/tr\/wp-content\/uploads\/2015\/06\/10-174x174.jpg 174w\" sizes=\"auto, (max-width: 704px) 100vw, 704px\" \/><\/a><\/p>\n","protected":false},"excerpt":{"rendered":"","protected":false},"author":1,"featured_media":0,"parent":0,"menu_order":0,"comment_status":"closed","ping_status":"closed","template":"","meta":{"_monsterinsights_skip_tracking":false,"_monsterinsights_sitenote_active":false,"_monsterinsights_sitenote_note":"","_monsterinsights_sitenote_category":0,"footnotes":""},"class_list":["post-56","page","type-page","status-publish","hentry"],"_links":{"self":[{"href":"http:\/\/ekenmak.com\/tr\/wp-json\/wp\/v2\/pages\/56","targetHints":{"allow":["GET"]}}],"collection":[{"href":"http:\/\/ekenmak.com\/tr\/wp-json\/wp\/v2\/pages"}],"about":[{"href":"http:\/\/ekenmak.com\/tr\/wp-json\/wp\/v2\/types\/page"}],"author":[{"embeddable":true,"href":"http:\/\/ekenmak.com\/tr\/wp-json\/wp\/v2\/users\/1"}],"replies":[{"embeddable":true,"href":"http:\/\/ekenmak.com\/tr\/wp-json\/wp\/v2\/comments?post=56"}],"version-history":[{"count":3,"href":"http:\/\/ekenmak.com\/tr\/wp-json\/wp\/v2\/pages\/56\/revisions"}],"predecessor-version":[{"id":129,"href":"http:\/\/ekenmak.com\/tr\/wp-json\/wp\/v2\/pages\/56\/revisions\/129"}],"wp:attachment":[{"href":"http:\/\/ekenmak.com\/tr\/wp-json\/wp\/v2\/media?parent=56"}],"curies":[{"name":"wp","href":"https:\/\/api.w.org\/{rel}","templated":true}]}}