{"id":54,"date":"2015-06-06T13:38:46","date_gmt":"2015-06-06T13:38:46","guid":{"rendered":"http:\/\/ekenmak.com\/tr\/?page_id=54"},"modified":"2015-06-06T19:20:41","modified_gmt":"2015-06-06T19:20:41","slug":"hakkimizda","status":"publish","type":"page","link":"http:\/\/ekenmak.com\/tr\/hakkimizda\/","title":{"rendered":"HAKKIMIZDA"},"content":{"rendered":"<p>1988 y\u0131l\u0131nda Marmara B\u00f6lgesinde tar\u0131m sekt\u00f6r\u00fcnde hizmet veren \u00fcreticiye y\u00f6nelik olarak, Bal\u0131kesir ili, Band\u0131rma il\u00e7esinde kurulmu\u015ftur.<br \/>\nH\u0131zla de\u011fi\u015fen ve geli\u015fen d\u00fcnyada tar\u0131m sekt\u00f6r\u00fc de bu h\u0131zl\u0131 geli\u015fmeden etkilenmi\u015f ve teknolojik etkilerle birlikte fiziksel insan g\u00fcc\u00fc minimuma inerken, bu ihtiya\u00e7 tar\u0131m makineleri ile kar\u015f\u0131lanmaya ba\u015flanm\u0131\u015ft\u0131r.<br \/>\nFirmam\u0131z global d\u00fcnyadaki bu de\u011fi\u015fimleri fuarlar, sosyal etkinlikler, sekt\u00f6rel kat\u0131l\u0131ml\u0131 konferans ve toplant\u0131lar arac\u0131l\u0131\u011f\u0131yla t\u00fcm detaylar\u0131 ile takip ederken \u00fclkemiz ve b\u00f6lgemiz \u00fcreticisinin de bu geli\u015fmelere ayak uydurabilmesini sa\u011flayacak, insan g\u00fcc\u00fcn\u00fc en aza indirirken, \u00fcr\u00fcn ekim alan\u0131n\u0131n yap\u0131s\u0131n\u0131 geli\u015ftirerek koruyacak, \u00fcr\u00fcn geli\u015fim s\u00fcrecini kalitesini de art\u0131rarak h\u0131zland\u0131racak makine tasar\u0131mlar\u0131 ile b\u00f6lge \u00e7ap\u0131nda bir\u00e7ok referansla g\u00fcn\u00fcm\u00fczde bu sekt\u00f6rde \u00f6ne \u00e7\u0131kmay\u0131 ba\u015farm\u0131\u015ft\u0131r.<br \/>\nMevcutta 7 adet \u00e7e\u015fitli kategorilerdeki profesyonel seri tar\u0131m makineleri ile \u00fcreticiye hizmet vermekteyiz. Ekenmak&#8217;\u0131n t\u00fcm tar\u0131m makineleri Uluda\u011f \u00dcniversitesince onayl\u0131 ve &#8220;DENEY RAPORLU&#8221; olup kullan\u0131m kolayl\u0131\u011f\u0131 ve servis altyap\u0131s\u0131 ile tercih edilen bir marka olmay\u0131 ba\u015farm\u0131\u015ft\u0131r<br \/>\nAyn\u0131 zamanda b\u00f6lgede referans edinmemizi sa\u011flayan servis a\u011f\u0131m\u0131z \u00fcreticimizle daha yak\u0131ndan ilgilenme ve gerekli talepleri kar\u015f\u0131lamakta bizlere yol g\u00f6sterici olmaktad\u0131r<br \/>\nMakinelerimizle ilgili k\u0131sa bilgileri bu web sitemize\u00a0s\u0131\u011fd\u0131rmaya \u00e7al\u0131\u015ft\u0131k, Detayl\u0131 bilgi i\u00e7in l\u00fctfen bizleri aray\u0131n<\/p>\n","protected":false},"excerpt":{"rendered":"<p>1988 y\u0131l\u0131nda Marmara B\u00f6lgesinde tar\u0131m sekt\u00f6r\u00fcnde hizmet veren \u00fcreticiye y\u00f6nelik olarak, Bal\u0131kesir ili, Band\u0131rma il\u00e7esinde kurulmu\u015ftur. H\u0131zla de\u011fi\u015fen ve geli\u015fen d\u00fcnyada tar\u0131m sekt\u00f6r\u00fc de bu h\u0131zl\u0131 geli\u015fmeden etkilenmi\u015f ve teknolojik etkilerle birlikte fiziksel insan g\u00fcc\u00fc minimuma inerken, bu ihtiya\u00e7 tar\u0131m makineleri ile kar\u015f\u0131lanmaya ba\u015flanm\u0131\u015ft\u0131r. Firmam\u0131z global d\u00fcnyadaki bu de\u011fi\u015fimleri fuarlar, sosyal etkinlikler, sekt\u00f6rel kat\u0131l\u0131ml\u0131 konferans<a href=\"http:\/\/ekenmak.com\/tr\/hakkimizda\/\">[&#8230;]<\/a><\/p>\n","protected":false},"author":1,"featured_media":0,"parent":0,"menu_order":0,"comment_status":"closed","ping_status":"closed","template":"","meta":{"_monsterinsights_skip_tracking":false,"_monsterinsights_sitenote_active":false,"_monsterinsights_sitenote_note":"","_monsterinsights_sitenote_category":0,"footnotes":""},"class_list":["post-54","page","type-page","status-publish","hentry"],"_links":{"self":[{"href":"http:\/\/ekenmak.com\/tr\/wp-json\/wp\/v2\/pages\/54","targetHints":{"allow":["GET"]}}],"collection":[{"href":"http:\/\/ekenmak.com\/tr\/wp-json\/wp\/v2\/pages"}],"about":[{"href":"http:\/\/ekenmak.com\/tr\/wp-json\/wp\/v2\/types\/page"}],"author":[{"embeddable":true,"href":"http:\/\/ekenmak.com\/tr\/wp-json\/wp\/v2\/users\/1"}],"replies":[{"embeddable":true,"href":"http:\/\/ekenmak.com\/tr\/wp-json\/wp\/v2\/comments?post=54"}],"version-history":[{"count":4,"href":"http:\/\/ekenmak.com\/tr\/wp-json\/wp\/v2\/pages\/54\/revisions"}],"predecessor-version":[{"id":130,"href":"http:\/\/ekenmak.com\/tr\/wp-json\/wp\/v2\/pages\/54\/revisions\/130"}],"wp:attachment":[{"href":"http:\/\/ekenmak.com\/tr\/wp-json\/wp\/v2\/media?parent=54"}],"curies":[{"name":"wp","href":"https:\/\/api.w.org\/{rel}","templated":true}]}}